{"id":31,"date":"2025-11-17T09:48:35","date_gmt":"2025-11-17T09:48:35","guid":{"rendered":"https:\/\/www.nolitamadrid.com\/?page_id=31"},"modified":"2026-02-09T10:26:26","modified_gmt":"2026-02-09T10:26:26","slug":"quienes-somos","status":"publish","type":"page","link":"https:\/\/www.nolitamadrid.com\/en\/quienes-somos\/","title":{"rendered":"Quienes somos"},"content":{"rendered":"<div data-elementor-type=\"wp-page\" data-elementor-id=\"31\" class=\"elementor elementor-31\" data-elementor-post-type=\"page\">\n\t\t\t\t<div class=\"elementor-element elementor-element-819a979 e-con-full e-flex e-con e-parent\" data-id=\"819a979\" data-element_type=\"container\">\n\t\t<div class=\"elementor-element elementor-element-b893865 e-con-full elementor-hidden-mobile elementor-hidden-tablet e-flex e-con e-child\" data-id=\"b893865\" data-element_type=\"container\">\n\t\t\t\t<\/div>\n\t\t<div class=\"elementor-element elementor-element-ea1db2f e-flex e-con-boxed e-con e-child\" data-id=\"ea1db2f\" data-element_type=\"container\">\n\t\t\t\t\t<div class=\"e-con-inner\">\n\t\t\t\t<div class=\"elementor-element elementor-element-061cfc3 elementor-widget__width-initial elementor-widget elementor-widget-text-editor\" data-id=\"061cfc3\" data-element_type=\"widget\" data-widget_type=\"text-editor.default\">\n\t\t\t\t<div class=\"elementor-widget-container\">\n\t\t\t\t\t\t\t\t\tNolita <strong>it's not your typical restaurant<\/strong>.<br>\nHere there are no tapas, no pretensions, no nonsense.<br>\nIt was born while the kitchen and dining room staff were exploring this iconic New York neighborhood, experimenting, learning, and trying new things.<br><strong>It's a bar, global cuisine, and wines that speak for themselves.<\/strong>Dishes with personality, surprising flavors, and people who want to have a good time.<br>\nWe like places where things happen. We're not looking for trends, we're looking for attitude.\t\t\t\t\t\t\t\t<\/div>\n\t\t\t\t<\/div>\n\t\t\t\t\t<\/div>\n\t\t\t\t<\/div>\n\t\t\t\t<\/div>\n\t\t<div class=\"elementor-element elementor-element-79f5ea1 e-con-full e-flex e-con e-parent\" data-id=\"79f5ea1\" data-element_type=\"container\">\n\t\t\t\t<div class=\"elementor-element elementor-element-8056ad0 elementor-widget elementor-widget-html\" data-id=\"8056ad0\" data-element_type=\"widget\" data-widget_type=\"html.default\">\n\t\t\t\t<div class=\"elementor-widget-container\">\n\t\t\t\t\t<div class=\"marquee\">\r\n  <span class=\"texto-movil\"><strong>NOT A TAPAS BAR<\/strong> NOT A TAPAS BAR<\/span>\r\n  <span class=\"texto-movil\"><strong>NOT A TAPAS BAR<\/strong> NOT A TAPAS BAR<\/span>\r\n<\/div>\r\n\r\n<style>\r\n\/* Tu estilo *\/\r\n.texto-movil{\r\n    font-family: \"inconsolata\", Sans-serif;\r\n    font-size: 90px;\r\n    font-weight: 200;\r\n    color: #861B26;\r\n}\r\n\r\n.texto-movil strong{\r\n    margin: 0px 50px;\r\n}\r\n\r\n.marquee span{\r\n    margin: 0px 50px;\r\n}\r\n\r\n@media(max-width:768px){\r\n   .texto-movil{\r\n       font-size: 34px;\r\n   } \r\n}\r\n\r\n\/* Marquee continuo *\/\r\n.marquee {\r\n  display: flex;\r\n  overflow: hidden;\r\n  white-space: nowrap;\r\n}\r\n\r\n.marquee span {\r\n  display: inline-block;\r\n  padding-right: 2rem;\r\n  animation: marquee 12s linear infinite;\r\n}\r\n\r\n@keyframes marquee {\r\n  0% { transform: translateX(0); }\r\n  100% { transform: translateX(-50%); }\r\n}\r\n<\/style>\r\n\t\t\t\t<\/div>\n\t\t\t\t<\/div>\n\t\t\t\t<\/div>\n\t\t<div class=\"elementor-element elementor-element-ad741fe e-con-full e-flex e-con e-parent\" data-id=\"ad741fe\" data-element_type=\"container\">\n\t\t\t\t<div class=\"elementor-element elementor-element-265cd6e elementor-widget elementor-widget-image\" data-id=\"265cd6e\" data-element_type=\"widget\" data-widget_type=\"image.default\">\n\t\t\t\t<div class=\"elementor-widget-container\">\n\t\t\t\t\t\t\t\t\t\t\t\t\t\t\t<img fetchpriority=\"high\" decoding=\"async\" width=\"1920\" height=\"1080\" src=\"https:\/\/www.nolitamadrid.com\/wp-content\/uploads\/2026\/02\/Quienes_Somos.jpg\" class=\"attachment-full size-full wp-image-516\" alt=\"\" srcset=\"https:\/\/www.nolitamadrid.com\/wp-content\/uploads\/2026\/02\/Quienes_Somos.jpg 1920w, https:\/\/www.nolitamadrid.com\/wp-content\/uploads\/2026\/02\/Quienes_Somos-300x169.jpg 300w, https:\/\/www.nolitamadrid.com\/wp-content\/uploads\/2026\/02\/Quienes_Somos-1024x576.jpg 1024w, https:\/\/www.nolitamadrid.com\/wp-content\/uploads\/2026\/02\/Quienes_Somos-768x432.jpg 768w, https:\/\/www.nolitamadrid.com\/wp-content\/uploads\/2026\/02\/Quienes_Somos-1536x864.jpg 1536w, https:\/\/www.nolitamadrid.com\/wp-content\/uploads\/2026\/02\/Quienes_Somos-18x10.jpg 18w\" sizes=\"(max-width: 1920px) 100vw, 1920px\" \/>\t\t\t\t\t\t\t\t\t\t\t\t\t\t\t<\/div>\n\t\t\t\t<\/div>\n\t\t\t\t<\/div>\n\t\t<div class=\"elementor-element elementor-element-dd7fd64 e-flex e-con-boxed e-con e-parent\" data-id=\"dd7fd64\" data-element_type=\"container\">\n\t\t\t\t\t<div class=\"e-con-inner\">\n\t\t\t\t<div class=\"elementor-element elementor-element-b629f97 elementor-widget__width-initial elementor-widget elementor-widget-text-editor\" data-id=\"b629f97\" data-element_type=\"widget\" data-widget_type=\"text-editor.default\">\n\t\t\t\t<div class=\"elementor-widget-container\">\n\t\t\t\t\t\t\t\t\tThe bar is always open; tables are available by reservation.\t\t\t\t\t\t\t\t<\/div>\n\t\t\t\t<\/div>\n\t\t\t\t<div class=\"elementor-element elementor-element-2bbc0e3 elementor-widget elementor-widget-button\" data-id=\"2bbc0e3\" data-element_type=\"widget\" data-widget_type=\"button.default\">\n\t\t\t\t<div class=\"elementor-widget-container\">\n\t\t\t\t\t\t\t\t\t<div class=\"elementor-button-wrapper\">\n\t\t\t\t\t<a class=\"elementor-button elementor-button-link elementor-size-sm\" href=\"\/en\/reservas\/\">\n\t\t\t\t\t\t<span class=\"elementor-button-content-wrapper\">\n\t\t\t\t\t\t\t\t\t<span class=\"elementor-button-text\">Book now<\/span>\n\t\t\t\t\t<\/span>\n\t\t\t\t\t<\/a>\n\t\t\t\t<\/div>\n\t\t\t\t\t\t\t\t<\/div>\n\t\t\t\t<\/div>\n\t\t\t\t\t<\/div>\n\t\t\t\t<\/div>\n\t\t\t\t<\/div>","protected":false},"excerpt":{"rendered":"<p>Nolita no es un restaurante al uso. Aqu\u00ed no hay tapas, ni postureo, ni tonter\u00edas. Naci\u00f3 mientras cocina y sala daban vueltas por este barrio tan ic\u00f3nico de Nueva York, experimentando, aprendiendo y probando cosas nuevas.\u2028Es barra, cocina global y vinos que hablan por s\u00ed mismos.\u2028Platos con personalidad, sabores que sorprenden y gente que quiere [&hellip;]<\/p>","protected":false},"author":1,"featured_media":0,"parent":0,"menu_order":0,"comment_status":"closed","ping_status":"closed","template":"","meta":{"footnotes":""},"class_list":["post-31","page","type-page","status-publish","hentry"],"yoast_head":"<!-- This site is optimized with the Yoast SEO plugin v26.9 - https:\/\/yoast.com\/product\/yoast-seo-wordpress\/ -->\n<title>Quienes somos - Nolita Madrid<\/title>\n<meta name=\"description\" content=\"En Nolita Madrid somos amantes del buen vino y la gastronom\u00eda bien hecha. Un espacio urbano con esp\u00edritu neoyorquino para disfrutar.\" \/>\n<meta name=\"robots\" content=\"index, follow, max-snippet:-1, max-image-preview:large, max-video-preview:-1\" \/>\n<link rel=\"canonical\" href=\"https:\/\/www.nolitamadrid.com\/en\/quienes-somos\/\" \/>\n<meta property=\"og:locale\" content=\"en_US\" \/>\n<meta property=\"og:type\" content=\"article\" \/>\n<meta property=\"og:title\" content=\"Quienes somos\" \/>\n<meta property=\"og:description\" content=\"En Nolita Madrid somos amantes del buen vino y la gastronom\u00eda bien hecha. Un espacio urbano con esp\u00edritu neoyorquino para disfrutar.\" \/>\n<meta property=\"og:url\" content=\"https:\/\/www.nolitamadrid.com\/en\/quienes-somos\/\" \/>\n<meta property=\"og:site_name\" content=\"Nolita Madrid\" \/>\n<meta property=\"article:modified_time\" content=\"2026-02-09T10:26:26+00:00\" \/>\n<meta property=\"og:image\" content=\"https:\/\/www.nolitamadrid.com\/wp-content\/uploads\/2025\/11\/Group-3.png\" \/>\n\t<meta property=\"og:image:width\" content=\"987\" \/>\n\t<meta property=\"og:image:height\" content=\"286\" \/>\n\t<meta property=\"og:image:type\" content=\"image\/png\" \/>\n<meta name=\"twitter:card\" content=\"summary_large_image\" \/>\n<meta name=\"twitter:label1\" content=\"Est. reading time\" \/>\n\t<meta name=\"twitter:data1\" content=\"1 minute\" \/>\n<script type=\"application\/ld+json\" class=\"yoast-schema-graph\">{\"@context\":\"https:\/\/schema.org\",\"@graph\":[{\"@type\":\"WebPage\",\"@id\":\"https:\/\/www.nolitamadrid.com\/quienes-somos\/\",\"url\":\"https:\/\/www.nolitamadrid.com\/quienes-somos\/\",\"name\":\"Quienes somos - Nolita Madrid\",\"isPartOf\":{\"@id\":\"https:\/\/www.nolitamadrid.com\/#website\"},\"primaryImageOfPage\":{\"@id\":\"https:\/\/www.nolitamadrid.com\/quienes-somos\/#primaryimage\"},\"image\":{\"@id\":\"https:\/\/www.nolitamadrid.com\/quienes-somos\/#primaryimage\"},\"thumbnailUrl\":\"https:\/\/www.nolitamadrid.com\/wp-content\/uploads\/2026\/02\/Quienes_Somos.jpg\",\"datePublished\":\"2025-11-17T09:48:35+00:00\",\"dateModified\":\"2026-02-09T10:26:26+00:00\",\"description\":\"En Nolita Madrid somos amantes del buen vino y la gastronom\u00eda bien hecha. Un espacio urbano con esp\u00edritu neoyorquino para disfrutar.\",\"breadcrumb\":{\"@id\":\"https:\/\/www.nolitamadrid.com\/quienes-somos\/#breadcrumb\"},\"inLanguage\":\"en-US\",\"potentialAction\":[{\"@type\":\"ReadAction\",\"target\":[\"https:\/\/www.nolitamadrid.com\/quienes-somos\/\"]}]},{\"@type\":\"ImageObject\",\"inLanguage\":\"en-US\",\"@id\":\"https:\/\/www.nolitamadrid.com\/quienes-somos\/#primaryimage\",\"url\":\"https:\/\/www.nolitamadrid.com\/wp-content\/uploads\/2026\/02\/Quienes_Somos.jpg\",\"contentUrl\":\"https:\/\/www.nolitamadrid.com\/wp-content\/uploads\/2026\/02\/Quienes_Somos.jpg\"},{\"@type\":\"BreadcrumbList\",\"@id\":\"https:\/\/www.nolitamadrid.com\/quienes-somos\/#breadcrumb\",\"itemListElement\":[{\"@type\":\"ListItem\",\"position\":1,\"name\":\"Portada\",\"item\":\"https:\/\/www.nolitamadrid.com\/\"},{\"@type\":\"ListItem\",\"position\":2,\"name\":\"Quienes somos\"}]},{\"@type\":\"WebSite\",\"@id\":\"https:\/\/www.nolitamadrid.com\/#website\",\"url\":\"https:\/\/www.nolitamadrid.com\/\",\"name\":\"Nolita Madrid\",\"description\":\"Nolita Madrid Bites &amp; Wine es un rinc\u00f3n urbano donde los peque\u00f1os bocados se encuentran con grandes vinos, en un ambiente moderno y con alma neoyorquina.\",\"publisher\":{\"@id\":\"https:\/\/www.nolitamadrid.com\/#organization\"},\"alternateName\":\"bites & wines\",\"potentialAction\":[{\"@type\":\"SearchAction\",\"target\":{\"@type\":\"EntryPoint\",\"urlTemplate\":\"https:\/\/www.nolitamadrid.com\/?s={search_term_string}\"},\"query-input\":{\"@type\":\"PropertyValueSpecification\",\"valueRequired\":true,\"valueName\":\"search_term_string\"}}],\"inLanguage\":\"en-US\"},{\"@type\":\"Organization\",\"@id\":\"https:\/\/www.nolitamadrid.com\/#organization\",\"name\":\"Nolita Madrid\",\"url\":\"https:\/\/www.nolitamadrid.com\/\",\"logo\":{\"@type\":\"ImageObject\",\"inLanguage\":\"en-US\",\"@id\":\"https:\/\/www.nolitamadrid.com\/#\/schema\/logo\/image\/\",\"url\":\"https:\/\/www.nolitamadrid.com\/wp-content\/uploads\/2025\/11\/Vector-7.png\",\"contentUrl\":\"https:\/\/www.nolitamadrid.com\/wp-content\/uploads\/2025\/11\/Vector-7.png\",\"width\":67,\"height\":101,\"caption\":\"Nolita Madrid\"},\"image\":{\"@id\":\"https:\/\/www.nolitamadrid.com\/#\/schema\/logo\/image\/\"},\"sameAs\":[\"https:\/\/www.instagram.com\/nolitamadrid\/\"]}]}<\/script>\n<!-- \/ Yoast SEO plugin. -->","yoast_head_json":{"title":"Quienes somos - Nolita Madrid","description":"En Nolita Madrid somos amantes del buen vino y la gastronom\u00eda bien hecha. Un espacio urbano con esp\u00edritu neoyorquino para disfrutar.","robots":{"index":"index","follow":"follow","max-snippet":"max-snippet:-1","max-image-preview":"max-image-preview:large","max-video-preview":"max-video-preview:-1"},"canonical":"https:\/\/www.nolitamadrid.com\/en\/quienes-somos\/","og_locale":"en_US","og_type":"article","og_title":"Quienes somos","og_description":"En Nolita Madrid somos amantes del buen vino y la gastronom\u00eda bien hecha. Un espacio urbano con esp\u00edritu neoyorquino para disfrutar.","og_url":"https:\/\/www.nolitamadrid.com\/en\/quienes-somos\/","og_site_name":"Nolita Madrid","article_modified_time":"2026-02-09T10:26:26+00:00","og_image":[{"width":987,"height":286,"url":"https:\/\/www.nolitamadrid.com\/wp-content\/uploads\/2025\/11\/Group-3.png","type":"image\/png"}],"twitter_card":"summary_large_image","twitter_misc":{"Est. reading time":"1 minute"},"schema":{"@context":"https:\/\/schema.org","@graph":[{"@type":"WebPage","@id":"https:\/\/www.nolitamadrid.com\/quienes-somos\/","url":"https:\/\/www.nolitamadrid.com\/quienes-somos\/","name":"Quienes somos - Nolita Madrid","isPartOf":{"@id":"https:\/\/www.nolitamadrid.com\/#website"},"primaryImageOfPage":{"@id":"https:\/\/www.nolitamadrid.com\/quienes-somos\/#primaryimage"},"image":{"@id":"https:\/\/www.nolitamadrid.com\/quienes-somos\/#primaryimage"},"thumbnailUrl":"https:\/\/www.nolitamadrid.com\/wp-content\/uploads\/2026\/02\/Quienes_Somos.jpg","datePublished":"2025-11-17T09:48:35+00:00","dateModified":"2026-02-09T10:26:26+00:00","description":"En Nolita Madrid somos amantes del buen vino y la gastronom\u00eda bien hecha. Un espacio urbano con esp\u00edritu neoyorquino para disfrutar.","breadcrumb":{"@id":"https:\/\/www.nolitamadrid.com\/quienes-somos\/#breadcrumb"},"inLanguage":"en-US","potentialAction":[{"@type":"ReadAction","target":["https:\/\/www.nolitamadrid.com\/quienes-somos\/"]}]},{"@type":"ImageObject","inLanguage":"en-US","@id":"https:\/\/www.nolitamadrid.com\/quienes-somos\/#primaryimage","url":"https:\/\/www.nolitamadrid.com\/wp-content\/uploads\/2026\/02\/Quienes_Somos.jpg","contentUrl":"https:\/\/www.nolitamadrid.com\/wp-content\/uploads\/2026\/02\/Quienes_Somos.jpg"},{"@type":"BreadcrumbList","@id":"https:\/\/www.nolitamadrid.com\/quienes-somos\/#breadcrumb","itemListElement":[{"@type":"ListItem","position":1,"name":"Portada","item":"https:\/\/www.nolitamadrid.com\/"},{"@type":"ListItem","position":2,"name":"Quienes somos"}]},{"@type":"WebSite","@id":"https:\/\/www.nolitamadrid.com\/#website","url":"https:\/\/www.nolitamadrid.com\/","name":"Nolita Madrid","description":"Nolita Madrid Bites &amp; Wine es un rinc\u00f3n urbano donde los peque\u00f1os bocados se encuentran con grandes vinos, en un ambiente moderno y con alma neoyorquina.","publisher":{"@id":"https:\/\/www.nolitamadrid.com\/#organization"},"alternateName":"bites & wines","potentialAction":[{"@type":"SearchAction","target":{"@type":"EntryPoint","urlTemplate":"https:\/\/www.nolitamadrid.com\/?s={search_term_string}"},"query-input":{"@type":"PropertyValueSpecification","valueRequired":true,"valueName":"search_term_string"}}],"inLanguage":"en-US"},{"@type":"Organization","@id":"https:\/\/www.nolitamadrid.com\/#organization","name":"Nolita Madrid","url":"https:\/\/www.nolitamadrid.com\/","logo":{"@type":"ImageObject","inLanguage":"en-US","@id":"https:\/\/www.nolitamadrid.com\/#\/schema\/logo\/image\/","url":"https:\/\/www.nolitamadrid.com\/wp-content\/uploads\/2025\/11\/Vector-7.png","contentUrl":"https:\/\/www.nolitamadrid.com\/wp-content\/uploads\/2025\/11\/Vector-7.png","width":67,"height":101,"caption":"Nolita Madrid"},"image":{"@id":"https:\/\/www.nolitamadrid.com\/#\/schema\/logo\/image\/"},"sameAs":["https:\/\/www.instagram.com\/nolitamadrid\/"]}]}},"_links":{"self":[{"href":"https:\/\/www.nolitamadrid.com\/en\/wp-json\/wp\/v2\/pages\/31","targetHints":{"allow":["GET"]}}],"collection":[{"href":"https:\/\/www.nolitamadrid.com\/en\/wp-json\/wp\/v2\/pages"}],"about":[{"href":"https:\/\/www.nolitamadrid.com\/en\/wp-json\/wp\/v2\/types\/page"}],"author":[{"embeddable":true,"href":"https:\/\/www.nolitamadrid.com\/en\/wp-json\/wp\/v2\/users\/1"}],"replies":[{"embeddable":true,"href":"https:\/\/www.nolitamadrid.com\/en\/wp-json\/wp\/v2\/comments?post=31"}],"version-history":[{"count":34,"href":"https:\/\/www.nolitamadrid.com\/en\/wp-json\/wp\/v2\/pages\/31\/revisions"}],"predecessor-version":[{"id":519,"href":"https:\/\/www.nolitamadrid.com\/en\/wp-json\/wp\/v2\/pages\/31\/revisions\/519"}],"wp:attachment":[{"href":"https:\/\/www.nolitamadrid.com\/en\/wp-json\/wp\/v2\/media?parent=31"}],"curies":[{"name":"wp","href":"https:\/\/api.w.org\/{rel}","templated":true}]}}