{"id":35,"date":"2025-11-17T09:48:56","date_gmt":"2025-11-17T09:48:56","guid":{"rendered":"https:\/\/www.nolitamadrid.com\/?page_id=35"},"modified":"2026-03-12T22:13:13","modified_gmt":"2026-03-12T22:13:13","slug":"reservas","status":"publish","type":"page","link":"https:\/\/www.nolitamadrid.com\/en\/reservas\/","title":{"rendered":"Reservas"},"content":{"rendered":"<div data-elementor-type=\"wp-page\" data-elementor-id=\"35\" class=\"elementor elementor-35\" data-elementor-post-type=\"page\">\n\t\t\t\t<div class=\"elementor-element elementor-element-abe5023 e-flex e-con-boxed e-con e-parent\" data-id=\"abe5023\" data-element_type=\"container\" data-settings=\"{&quot;background_background&quot;:&quot;classic&quot;}\">\n\t\t\t\t\t<div class=\"e-con-inner\">\n\t\t\t\t<div class=\"elementor-element elementor-element-7f5f269 elementor-hidden-mobile e-n-tabs-mobile elementor-widget elementor-widget-n-tabs\" data-id=\"7f5f269\" data-element_type=\"widget\" data-settings=\"{&quot;tabs_justify_horizontal&quot;:&quot;end&quot;,&quot;horizontal_scroll&quot;:&quot;disable&quot;}\" data-widget_type=\"nested-tabs.default\">\n\t\t\t\t<div class=\"elementor-widget-container\">\n\t\t\t\t\t\t\t<div class=\"e-n-tabs\" data-widget-number=\"133558889\" aria-label=\"Pesta\u00f1as. Abre elementos con Intro o Espacio, ci\u00e9rralos con Escape y navega con las fechas.\">\n\t\t\t<div class=\"e-n-tabs-heading\" role=\"tablist\">\n\t\t\t\t\t<button id=\"e-n-tab-title-1335588891\" data-tab-title-id=\"e-n-tab-title-1335588891\" class=\"e-n-tab-title\" aria-selected=\"true\" data-tab-index=\"1\" role=\"tab\" tabindex=\"0\" aria-controls=\"e-n-tab-content-1335588891\" style=\"--n-tabs-title-order: 1;\">\n\t\t\t\t\t\t<span class=\"e-n-tab-title-text\">\n\t\t\t\tSPANISH\t\t\t<\/span>\n\t\t<\/button>\n\t\t\t\t<button id=\"e-n-tab-title-1335588892\" data-tab-title-id=\"e-n-tab-title-1335588892\" class=\"e-n-tab-title\" aria-selected=\"false\" data-tab-index=\"2\" role=\"tab\" tabindex=\"-1\" aria-controls=\"e-n-tab-content-1335588892\" style=\"--n-tabs-title-order: 2;\">\n\t\t\t\t\t\t<span class=\"e-n-tab-title-text\">\n\t\t\t\tENGLISH\t\t\t<\/span>\n\t\t<\/button>\n\t\t\t\t\t<\/div>\n\t\t\t<div class=\"e-n-tabs-content\">\n\t\t\t\t<div id=\"e-n-tab-content-1335588891\" role=\"tabpanel\" aria-labelledby=\"e-n-tab-title-1335588891\" data-tab-index=\"1\" style=\"--n-tabs-title-order: 1;\" class=\"e-active elementor-element elementor-element-e4878d2 e-con-full e-flex e-con e-child\" data-id=\"e4878d2\" data-element_type=\"container\">\n\t\t<div class=\"elementor-element elementor-element-b3df8f3 e-flex e-con-boxed e-con e-child\" data-id=\"b3df8f3\" data-element_type=\"container\">\n\t\t\t\t\t<div class=\"e-con-inner\">\n\t\t\t\t<div class=\"elementor-element elementor-element-208b8f7 elementor-widget elementor-widget-html\" data-id=\"208b8f7\" data-element_type=\"widget\" data-widget_type=\"html.default\">\n\t\t\t\t<div class=\"elementor-widget-container\">\n\t\t\t\t\t<script type=\"text\/javascript\"\r\n                                                                                        src=\"https:\/\/www.covermanager.com\/js\/iframeResizer\/iframeResizer.min.js\"><\/script><iframe\r\n                                                            id=\"restaurante-nolita-madrid\" title=\"Reservas\"\r\n                                                            src=\"https:\/\/www.covermanager.com\/reservation\/module_restaurant\/restaurante-nolita-madrid\/spanish\"\r\n                                                            allow=\"payment\" frameborder=\"0\" height=\"700\" width=\"100%\" onload=\"iFrameResize();\"><\/iframe>\t\t\t\t<\/div>\n\t\t\t\t<\/div>\n\t\t\t\t\t<\/div>\n\t\t\t\t<\/div>\n\t\t\t\t<\/div>\n\t\t<div id=\"e-n-tab-content-1335588892\" role=\"tabpanel\" aria-labelledby=\"e-n-tab-title-1335588892\" data-tab-index=\"2\" style=\"--n-tabs-title-order: 2;\" class=\"elementor-element elementor-element-092f82c e-con-full e-flex e-con e-child\" data-id=\"092f82c\" data-element_type=\"container\">\n\t\t<div class=\"elementor-element elementor-element-ac6a7b4 e-flex e-con-boxed e-con e-child\" data-id=\"ac6a7b4\" data-element_type=\"container\">\n\t\t\t\t\t<div class=\"e-con-inner\">\n\t\t\t\t<div class=\"elementor-element elementor-element-33fc4aa elementor-widget elementor-widget-html\" data-id=\"33fc4aa\" data-element_type=\"widget\" data-widget_type=\"html.default\">\n\t\t\t\t<div class=\"elementor-widget-container\">\n\t\t\t\t\t<script type=\"text\/javascript\"\r\n                                                                                        src=\"https:\/\/www.covermanager.com\/js\/iframeResizer\/iframeResizer.min.js\"><\/script><iframe\r\n                                                            id=\"restaurante-nolita-madrid\" title=\"Reservas\"\r\n                                                            src=\"https:\/\/www.covermanager.com\/reservation\/module_restaurant\/restaurante-nolita-madrid\/english\"\r\n                                                            allow=\"payment\" frameborder=\"0\" height=\"700\" width=\"100%\" onload=\"iFrameResize();\"><\/iframe>\t\t\t\t<\/div>\n\t\t\t\t<\/div>\n\t\t\t\t\t<\/div>\n\t\t\t\t<\/div>\n\t\t\t\t<\/div>\n\t\t\t\t\t<\/div>\n\t\t<\/div>\n\t\t\t\t\t\t<\/div>\n\t\t\t\t<\/div>\n\t\t\t\t<div class=\"elementor-element elementor-element-6e6ac3b elementor-hidden-desktop elementor-hidden-tablet elementor-widget elementor-widget-n-accordion\" data-id=\"6e6ac3b\" data-element_type=\"widget\" data-settings=\"{&quot;default_state&quot;:&quot;expanded&quot;,&quot;max_items_expended&quot;:&quot;one&quot;,&quot;n_accordion_animation_duration&quot;:{&quot;unit&quot;:&quot;ms&quot;,&quot;size&quot;:400,&quot;sizes&quot;:[]}}\" data-widget_type=\"nested-accordion.default\">\n\t\t\t\t<div class=\"elementor-widget-container\">\n\t\t\t\t\t\t\t<div class=\"e-n-accordion\" aria-label=\"Accordion. Open links with Enter or Space, close with Escape, and navigate with Arrow Keys\">\n\t\t\t\t\t\t<details id=\"e-n-accordion-item-1150\" class=\"e-n-accordion-item\" open>\n\t\t\t\t<summary class=\"e-n-accordion-item-title\" data-accordion-index=\"1\" tabindex=\"0\" aria-expanded=\"true\" aria-controls=\"e-n-accordion-item-1150\" >\n\t\t\t\t\t<span class='e-n-accordion-item-title-header'><div class=\"e-n-accordion-item-title-text\"> SPANISH <\/div><\/span>\n\t\t\t\t\t\t\t\t\t<\/summary>\n\t\t\t\t<div role=\"region\" aria-labelledby=\"e-n-accordion-item-1150\" class=\"elementor-element elementor-element-3dfd7b2 e-con-full e-flex e-con e-child\" data-id=\"3dfd7b2\" data-element_type=\"container\">\n\t\t<div role=\"region\" aria-labelledby=\"e-n-accordion-item-1150\" class=\"elementor-element elementor-element-90cf4e1 e-flex e-con-boxed e-con e-child\" data-id=\"90cf4e1\" data-element_type=\"container\">\n\t\t\t\t\t<div class=\"e-con-inner\">\n\t\t\t\t<div class=\"elementor-element elementor-element-55b64c1 elementor-hidden-desktop elementor-widget elementor-widget-html\" data-id=\"55b64c1\" data-element_type=\"widget\" data-widget_type=\"html.default\">\n\t\t\t\t<div class=\"elementor-widget-container\">\n\t\t\t\t\t<script type=\"text\/javascript\"\r\n                                                                                        src=\"https:\/\/www.covermanager.com\/js\/iframeResizer\/iframeResizer.min.js\"><\/script><iframe\r\n                                                            id=\"restaurante-nolita-madrid\" title=\"Reservas\"\r\n                                                            src=\"https:\/\/www.covermanager.com\/reservation\/module_restaurant\/restaurante-nolita-madrid\/spanish\"\r\n                                                            allow=\"payment\" frameborder=\"0\" height=\"1200\" width=\"100%\" onload=\"iFrameResize();\"><\/iframe>\t\t\t\t<\/div>\n\t\t\t\t<\/div>\n\t\t\t\t\t<\/div>\n\t\t\t\t<\/div>\n\t\t\t\t<\/div>\n\t\t\t\t\t<\/details>\n\t\t\t\t\t\t<details id=\"e-n-accordion-item-1151\" class=\"e-n-accordion-item\" >\n\t\t\t\t<summary class=\"e-n-accordion-item-title\" data-accordion-index=\"2\" tabindex=\"-1\" aria-expanded=\"false\" aria-controls=\"e-n-accordion-item-1151\" >\n\t\t\t\t\t<span class='e-n-accordion-item-title-header'><div class=\"e-n-accordion-item-title-text\"> ENGLISH <\/div><\/span>\n\t\t\t\t\t\t\t\t\t<\/summary>\n\t\t\t\t<div role=\"region\" aria-labelledby=\"e-n-accordion-item-1151\" class=\"elementor-element elementor-element-3e01fed e-con-full e-flex e-con e-child\" data-id=\"3e01fed\" data-element_type=\"container\">\n\t\t<div role=\"region\" aria-labelledby=\"e-n-accordion-item-1151\" class=\"elementor-element elementor-element-ed6cede e-flex e-con-boxed e-con e-child\" data-id=\"ed6cede\" data-element_type=\"container\">\n\t\t\t\t\t<div class=\"e-con-inner\">\n\t\t\t\t<div class=\"elementor-element elementor-element-78f6bfb elementor-widget elementor-widget-html\" data-id=\"78f6bfb\" data-element_type=\"widget\" data-widget_type=\"html.default\">\n\t\t\t\t<div class=\"elementor-widget-container\">\n\t\t\t\t\t<script type=\"text\/javascript\"\r\n                                                                                        src=\"https:\/\/www.covermanager.com\/js\/iframeResizer\/iframeResizer.min.js\"><\/script><iframe\r\n                                                            id=\"restaurante-nolita-madrid\" title=\"Reservas\"\r\n                                                            src=\"https:\/\/www.covermanager.com\/reservation\/module_restaurant\/restaurante-nolita-madrid\/english\"\r\n                                                            allow=\"payment\" frameborder=\"0\" height=\"1200\" width=\"100%\" onload=\"iFrameResize();\"><\/iframe>\t\t\t\t<\/div>\n\t\t\t\t<\/div>\n\t\t\t\t\t<\/div>\n\t\t\t\t<\/div>\n\t\t\t\t<\/div>\n\t\t\t\t\t<\/details>\n\t\t\t\t\t<\/div>\n\t\t\t\t\t\t<\/div>\n\t\t\t\t<\/div>\n\t\t\t\t\t<\/div>\n\t\t\t\t<\/div>\n\t\t\t\t<\/div>","protected":false},"excerpt":{"rendered":"<p>ESPA\u00d1OL INGL\u00c9S ESPA\u00d1OL INGL\u00c9S<\/p>","protected":false},"author":1,"featured_media":0,"parent":0,"menu_order":0,"comment_status":"closed","ping_status":"closed","template":"","meta":{"footnotes":""},"class_list":["post-35","page","type-page","status-publish","hentry"],"yoast_head":"<!-- This site is optimized with the Yoast SEO plugin v26.9 - https:\/\/yoast.com\/product\/yoast-seo-wordpress\/ -->\n<title>Reservas - Nolita Madrid<\/title>\n<meta name=\"description\" content=\"Reserva tu mesa en Nolita Madrid y disfruta del buen vino y la gastronom\u00eda en un ambiente urbano con esp\u00edritu neoyorquino\" \/>\n<meta name=\"robots\" content=\"index, follow, max-snippet:-1, max-image-preview:large, max-video-preview:-1\" \/>\n<link rel=\"canonical\" href=\"https:\/\/www.nolitamadrid.com\/en\/reservas\/\" \/>\n<meta property=\"og:locale\" content=\"en_US\" \/>\n<meta property=\"og:type\" content=\"article\" \/>\n<meta property=\"og:title\" content=\"Quienes somos\" \/>\n<meta property=\"og:description\" content=\"Reserva tu mesa en Nolita Madrid y disfruta del buen vino y la gastronom\u00eda en un ambiente urbano con esp\u00edritu neoyorquino\" \/>\n<meta property=\"og:url\" content=\"https:\/\/www.nolitamadrid.com\/en\/reservas\/\" \/>\n<meta property=\"og:site_name\" content=\"Nolita Madrid\" \/>\n<meta property=\"article:modified_time\" content=\"2026-03-12T22:13:13+00:00\" \/>\n<meta property=\"og:image\" content=\"https:\/\/www.nolitamadrid.com\/wp-content\/uploads\/2025\/11\/Group-3.png\" \/>\n\t<meta property=\"og:image:width\" content=\"987\" \/>\n\t<meta property=\"og:image:height\" content=\"286\" \/>\n\t<meta property=\"og:image:type\" content=\"image\/png\" \/>\n<meta name=\"twitter:card\" content=\"summary_large_image\" \/>\n<meta name=\"twitter:label1\" content=\"Est. reading time\" \/>\n\t<meta name=\"twitter:data1\" content=\"1 minute\" \/>\n<script type=\"application\/ld+json\" class=\"yoast-schema-graph\">{\"@context\":\"https:\/\/schema.org\",\"@graph\":[{\"@type\":\"WebPage\",\"@id\":\"https:\/\/www.nolitamadrid.com\/reservas\/\",\"url\":\"https:\/\/www.nolitamadrid.com\/reservas\/\",\"name\":\"Reservas - Nolita Madrid\",\"isPartOf\":{\"@id\":\"https:\/\/www.nolitamadrid.com\/#website\"},\"datePublished\":\"2025-11-17T09:48:56+00:00\",\"dateModified\":\"2026-03-12T22:13:13+00:00\",\"description\":\"Reserva tu mesa en Nolita Madrid y disfruta del buen vino y la gastronom\u00eda en un ambiente urbano con esp\u00edritu neoyorquino\",\"breadcrumb\":{\"@id\":\"https:\/\/www.nolitamadrid.com\/reservas\/#breadcrumb\"},\"inLanguage\":\"en-US\",\"potentialAction\":[{\"@type\":\"ReadAction\",\"target\":[\"https:\/\/www.nolitamadrid.com\/reservas\/\"]}]},{\"@type\":\"BreadcrumbList\",\"@id\":\"https:\/\/www.nolitamadrid.com\/reservas\/#breadcrumb\",\"itemListElement\":[{\"@type\":\"ListItem\",\"position\":1,\"name\":\"Portada\",\"item\":\"https:\/\/www.nolitamadrid.com\/\"},{\"@type\":\"ListItem\",\"position\":2,\"name\":\"Reservas\"}]},{\"@type\":\"WebSite\",\"@id\":\"https:\/\/www.nolitamadrid.com\/#website\",\"url\":\"https:\/\/www.nolitamadrid.com\/\",\"name\":\"Nolita Madrid\",\"description\":\"Nolita Madrid Bites &amp; Wine es un rinc\u00f3n urbano donde los peque\u00f1os bocados se encuentran con grandes vinos, en un ambiente moderno y con alma neoyorquina.\",\"publisher\":{\"@id\":\"https:\/\/www.nolitamadrid.com\/#organization\"},\"alternateName\":\"bites & wines\",\"potentialAction\":[{\"@type\":\"SearchAction\",\"target\":{\"@type\":\"EntryPoint\",\"urlTemplate\":\"https:\/\/www.nolitamadrid.com\/?s={search_term_string}\"},\"query-input\":{\"@type\":\"PropertyValueSpecification\",\"valueRequired\":true,\"valueName\":\"search_term_string\"}}],\"inLanguage\":\"en-US\"},{\"@type\":\"Organization\",\"@id\":\"https:\/\/www.nolitamadrid.com\/#organization\",\"name\":\"Nolita Madrid\",\"url\":\"https:\/\/www.nolitamadrid.com\/\",\"logo\":{\"@type\":\"ImageObject\",\"inLanguage\":\"en-US\",\"@id\":\"https:\/\/www.nolitamadrid.com\/#\/schema\/logo\/image\/\",\"url\":\"https:\/\/www.nolitamadrid.com\/wp-content\/uploads\/2025\/11\/Vector-7.png\",\"contentUrl\":\"https:\/\/www.nolitamadrid.com\/wp-content\/uploads\/2025\/11\/Vector-7.png\",\"width\":67,\"height\":101,\"caption\":\"Nolita Madrid\"},\"image\":{\"@id\":\"https:\/\/www.nolitamadrid.com\/#\/schema\/logo\/image\/\"},\"sameAs\":[\"https:\/\/www.instagram.com\/nolitamadrid\/\"]}]}<\/script>\n<!-- \/ Yoast SEO plugin. -->","yoast_head_json":{"title":"Reservas - Nolita Madrid","description":"Reserva tu mesa en Nolita Madrid y disfruta del buen vino y la gastronom\u00eda en un ambiente urbano con esp\u00edritu neoyorquino","robots":{"index":"index","follow":"follow","max-snippet":"max-snippet:-1","max-image-preview":"max-image-preview:large","max-video-preview":"max-video-preview:-1"},"canonical":"https:\/\/www.nolitamadrid.com\/en\/reservas\/","og_locale":"en_US","og_type":"article","og_title":"Quienes somos","og_description":"Reserva tu mesa en Nolita Madrid y disfruta del buen vino y la gastronom\u00eda en un ambiente urbano con esp\u00edritu neoyorquino","og_url":"https:\/\/www.nolitamadrid.com\/en\/reservas\/","og_site_name":"Nolita Madrid","article_modified_time":"2026-03-12T22:13:13+00:00","og_image":[{"width":987,"height":286,"url":"https:\/\/www.nolitamadrid.com\/wp-content\/uploads\/2025\/11\/Group-3.png","type":"image\/png"}],"twitter_card":"summary_large_image","twitter_misc":{"Est. reading time":"1 minute"},"schema":{"@context":"https:\/\/schema.org","@graph":[{"@type":"WebPage","@id":"https:\/\/www.nolitamadrid.com\/reservas\/","url":"https:\/\/www.nolitamadrid.com\/reservas\/","name":"Reservas - Nolita Madrid","isPartOf":{"@id":"https:\/\/www.nolitamadrid.com\/#website"},"datePublished":"2025-11-17T09:48:56+00:00","dateModified":"2026-03-12T22:13:13+00:00","description":"Reserva tu mesa en Nolita Madrid y disfruta del buen vino y la gastronom\u00eda en un ambiente urbano con esp\u00edritu neoyorquino","breadcrumb":{"@id":"https:\/\/www.nolitamadrid.com\/reservas\/#breadcrumb"},"inLanguage":"en-US","potentialAction":[{"@type":"ReadAction","target":["https:\/\/www.nolitamadrid.com\/reservas\/"]}]},{"@type":"BreadcrumbList","@id":"https:\/\/www.nolitamadrid.com\/reservas\/#breadcrumb","itemListElement":[{"@type":"ListItem","position":1,"name":"Portada","item":"https:\/\/www.nolitamadrid.com\/"},{"@type":"ListItem","position":2,"name":"Reservas"}]},{"@type":"WebSite","@id":"https:\/\/www.nolitamadrid.com\/#website","url":"https:\/\/www.nolitamadrid.com\/","name":"Nolita Madrid","description":"Nolita Madrid Bites &amp; Wine es un rinc\u00f3n urbano donde los peque\u00f1os bocados se encuentran con grandes vinos, en un ambiente moderno y con alma neoyorquina.","publisher":{"@id":"https:\/\/www.nolitamadrid.com\/#organization"},"alternateName":"bites & wines","potentialAction":[{"@type":"SearchAction","target":{"@type":"EntryPoint","urlTemplate":"https:\/\/www.nolitamadrid.com\/?s={search_term_string}"},"query-input":{"@type":"PropertyValueSpecification","valueRequired":true,"valueName":"search_term_string"}}],"inLanguage":"en-US"},{"@type":"Organization","@id":"https:\/\/www.nolitamadrid.com\/#organization","name":"Nolita Madrid","url":"https:\/\/www.nolitamadrid.com\/","logo":{"@type":"ImageObject","inLanguage":"en-US","@id":"https:\/\/www.nolitamadrid.com\/#\/schema\/logo\/image\/","url":"https:\/\/www.nolitamadrid.com\/wp-content\/uploads\/2025\/11\/Vector-7.png","contentUrl":"https:\/\/www.nolitamadrid.com\/wp-content\/uploads\/2025\/11\/Vector-7.png","width":67,"height":101,"caption":"Nolita Madrid"},"image":{"@id":"https:\/\/www.nolitamadrid.com\/#\/schema\/logo\/image\/"},"sameAs":["https:\/\/www.instagram.com\/nolitamadrid\/"]}]}},"_links":{"self":[{"href":"https:\/\/www.nolitamadrid.com\/en\/wp-json\/wp\/v2\/pages\/35","targetHints":{"allow":["GET"]}}],"collection":[{"href":"https:\/\/www.nolitamadrid.com\/en\/wp-json\/wp\/v2\/pages"}],"about":[{"href":"https:\/\/www.nolitamadrid.com\/en\/wp-json\/wp\/v2\/types\/page"}],"author":[{"embeddable":true,"href":"https:\/\/www.nolitamadrid.com\/en\/wp-json\/wp\/v2\/users\/1"}],"replies":[{"embeddable":true,"href":"https:\/\/www.nolitamadrid.com\/en\/wp-json\/wp\/v2\/comments?post=35"}],"version-history":[{"count":65,"href":"https:\/\/www.nolitamadrid.com\/en\/wp-json\/wp\/v2\/pages\/35\/revisions"}],"predecessor-version":[{"id":539,"href":"https:\/\/www.nolitamadrid.com\/en\/wp-json\/wp\/v2\/pages\/35\/revisions\/539"}],"wp:attachment":[{"href":"https:\/\/www.nolitamadrid.com\/en\/wp-json\/wp\/v2\/media?parent=35"}],"curies":[{"name":"wp","href":"https:\/\/api.w.org\/{rel}","templated":true}]}}