{"id":381,"date":"2026-01-20T19:38:11","date_gmt":"2026-01-20T19:38:11","guid":{"rendered":"https:\/\/www.nolitamadrid.com\/?page_id=381"},"modified":"2026-02-09T10:19:41","modified_gmt":"2026-02-09T10:19:41","slug":"cookies","status":"publish","type":"page","link":"https:\/\/www.nolitamadrid.com\/en\/cookies\/","title":{"rendered":"Cookies"},"content":{"rendered":"<div data-elementor-type=\"wp-page\" data-elementor-id=\"381\" class=\"elementor elementor-381\" data-elementor-post-type=\"page\">\n\t\t\t\t<div class=\"elementor-element elementor-element-52ac5b8 e-flex e-con-boxed e-con e-parent\" data-id=\"52ac5b8\" data-element_type=\"container\">\n\t\t\t\t\t<div class=\"e-con-inner\">\n\t\t\t\t<div class=\"elementor-element elementor-element-5dae85e elementor-widget elementor-widget-text-editor\" data-id=\"5dae85e\" data-element_type=\"widget\" data-widget_type=\"text-editor.default\">\n\t\t\t\t<div class=\"elementor-widget-container\">\n\t\t\t\t\t\t\t\t\tAccess to this Website may involve the use of cookies. Cookies are small amounts of information that are stored in the browser used by each User\u2014on the different devices they may use to browse\u2014so that the server remembers certain information that will later be read only by the server that implemented it. Cookies facilitate browsing, make it more user-friendly, and do not damage the browsing device.\t\t\t\t\t\t\t\t<\/div>\n\t\t\t\t<\/div>\n\t\t\t\t<div class=\"elementor-element elementor-element-a429640 elementor-widget elementor-widget-heading\" data-id=\"a429640\" data-element_type=\"widget\" data-widget_type=\"heading.default\">\n\t\t\t\t<div class=\"elementor-widget-container\">\n\t\t\t\t\t<h2 class=\"elementor-heading-title elementor-size-default\">OUR COOKIES<\/h2>\t\t\t\t<\/div>\n\t\t\t\t<\/div>\n\t\t\t\t<div class=\"elementor-element elementor-element-d10f085 elementor-widget elementor-widget-text-editor\" data-id=\"d10f085\" data-element_type=\"widget\" data-widget_type=\"text-editor.default\">\n\t\t\t\t<div class=\"elementor-widget-container\">\n\t\t\t\t\t\t\t\t\tThese are cookies that are sent to the User's computer or device and managed exclusively by Nolita Madrid for the best functioning of the Website. The information collected is used to improve the quality of the Website and its Content and your experience as a User. These cookies allow us to recognize you as a returning visitor to the Website and adapt the content to offer you content that suits your preferences.\t\t\t\t\t\t\t\t<\/div>\n\t\t\t\t<\/div>\n\t\t\t\t<div class=\"elementor-element elementor-element-d6f2f54 elementor-widget elementor-widget-heading\" data-id=\"d6f2f54\" data-element_type=\"widget\" data-widget_type=\"heading.default\">\n\t\t\t\t<div class=\"elementor-widget-container\">\n\t\t\t\t\t<h2 class=\"elementor-heading-title elementor-size-default\">Third-party cookies<\/h2>\t\t\t\t<\/div>\n\t\t\t\t<\/div>\n\t\t\t\t<div class=\"elementor-element elementor-element-f223e1e elementor-widget elementor-widget-text-editor\" data-id=\"f223e1e\" data-element_type=\"widget\" data-widget_type=\"text-editor.default\">\n\t\t\t\t<div class=\"elementor-widget-container\">\n\t\t\t\t\t\t\t\t\tThese are cookies used and managed by external entities that provide Nolita Madrid with services requested by it to improve the Website and the user experience when browsing the Website. The main purposes for which third-party cookies are used are to obtain access statistics and analyze browsing information, i.e., how the User interacts with the Website.\t\t\t\t\t\t\t\t<\/div>\n\t\t\t\t<\/div>\n\t\t\t\t<div class=\"elementor-element elementor-element-05d8b84 elementor-widget elementor-widget-heading\" data-id=\"05d8b84\" data-element_type=\"widget\" data-widget_type=\"heading.default\">\n\t\t\t\t<div class=\"elementor-widget-container\">\n\t\t\t\t\t<h2 class=\"elementor-heading-title elementor-size-default\">Google Analytics Google Search Console\n<\/h2>\t\t\t\t<\/div>\n\t\t\t\t<\/div>\n\t\t\t\t<div class=\"elementor-element elementor-element-3653c18 elementor-widget elementor-widget-text-editor\" data-id=\"3653c18\" data-element_type=\"widget\" data-widget_type=\"text-editor.default\">\n\t\t\t\t<div class=\"elementor-widget-container\">\n\t\t\t\t\t\t\t\t\tThe entity or entities responsible for providing cookies may transfer this information to third parties, provided that this is required by law or that a third party processes this information on behalf of these entities.\n\n\n\t\t\t\t\t\t\t\t<\/div>\n\t\t\t\t<\/div>\n\t\t\t\t<div class=\"elementor-element elementor-element-b5ce870 elementor-widget elementor-widget-heading\" data-id=\"b5ce870\" data-element_type=\"widget\" data-widget_type=\"heading.default\">\n\t\t\t\t<div class=\"elementor-widget-container\">\n\t\t\t\t\t<h2 class=\"elementor-heading-title elementor-size-default\">Disable, reject, and delete cookies\n<\/h2>\t\t\t\t<\/div>\n\t\t\t\t<\/div>\n\t\t\t\t<div class=\"elementor-element elementor-element-a9f9485 elementor-widget elementor-widget-text-editor\" data-id=\"a9f9485\" data-element_type=\"widget\" data-widget_type=\"text-editor.default\">\n\t\t\t\t<div class=\"elementor-widget-container\">\n\t\t\t\t\t\t\t\t\tUsers can disable, reject, and delete cookies\u2014either totally or partially\u2014installed on their device by configuring their browser settings (including, for example, Chrome, Firefox, Safari, Explorer). In this regard, the procedures for rejecting and deleting cookies may differ from one Internet browser to another. Consequently, Users should refer to the instructions provided by the Internet browser they are using. If you reject the use of cookies, either totally or partially, you may continue to use the Website, although the use of some of its features may be limited.\n\n\n\n\n\n\t\t\t\t\t\t\t\t<\/div>\n\t\t\t\t<\/div>\n\t\t\t\t\t<\/div>\n\t\t\t\t<\/div>\n\t\t\t\t<\/div>","protected":false},"excerpt":{"rendered":"<p>El acceso a este Sitio Web puede implicar la utilizaci\u00f3n de cookies. Las cookies son peque\u00f1as cantidades de informaci\u00f3n que se almacenan en el navegador utilizado por cada Usuario \u2014en los distintos dispositivos que pueda utilizar para navegar\u2014 para que el servidor recuerde cierta informaci\u00f3n que posteriormente y \u00fanicamente el servidor que la implement\u00f3 leer\u00e1. [&hellip;]<\/p>","protected":false},"author":1,"featured_media":0,"parent":0,"menu_order":0,"comment_status":"closed","ping_status":"closed","template":"","meta":{"footnotes":""},"class_list":["post-381","page","type-page","status-publish","hentry"],"yoast_head":"<!-- This site is optimized with the Yoast SEO plugin v26.9 - https:\/\/yoast.com\/product\/yoast-seo-wordpress\/ -->\n<title>Cookies - Nolita Madrid<\/title>\n<meta name=\"robots\" content=\"noindex, nofollow\" \/>\n<meta property=\"og:locale\" content=\"en_US\" \/>\n<meta property=\"og:type\" content=\"article\" \/>\n<meta property=\"og:title\" content=\"Cookies - Nolita Madrid\" \/>\n<meta property=\"og:description\" content=\"El acceso a este Sitio Web puede implicar la utilizaci\u00f3n de cookies. Las cookies son peque\u00f1as cantidades de informaci\u00f3n que se almacenan en el navegador utilizado por cada Usuario \u2014en los distintos dispositivos que pueda utilizar para navegar\u2014 para que el servidor recuerde cierta informaci\u00f3n que posteriormente y \u00fanicamente el servidor que la implement\u00f3 leer\u00e1. [&hellip;]\" \/>\n<meta property=\"og:url\" content=\"https:\/\/www.nolitamadrid.com\/en\/cookies\/\" \/>\n<meta property=\"og:site_name\" content=\"Nolita Madrid\" \/>\n<meta property=\"article:modified_time\" content=\"2026-02-09T10:19:41+00:00\" \/>\n<meta property=\"og:image\" content=\"https:\/\/www.nolitamadrid.com\/wp-content\/uploads\/2025\/11\/Group-3.png\" \/>\n\t<meta property=\"og:image:width\" content=\"987\" \/>\n\t<meta property=\"og:image:height\" content=\"286\" \/>\n\t<meta property=\"og:image:type\" content=\"image\/png\" \/>\n<meta name=\"twitter:card\" content=\"summary_large_image\" \/>\n<meta name=\"twitter:label1\" content=\"Est. reading time\" \/>\n\t<meta name=\"twitter:data1\" content=\"4 minutes\" \/>\n<script type=\"application\/ld+json\" class=\"yoast-schema-graph\">{\"@context\":\"https:\/\/schema.org\",\"@graph\":[{\"@type\":\"WebPage\",\"@id\":\"https:\/\/www.nolitamadrid.com\/cookies\/\",\"url\":\"https:\/\/www.nolitamadrid.com\/cookies\/\",\"name\":\"Cookies - Nolita Madrid\",\"isPartOf\":{\"@id\":\"https:\/\/www.nolitamadrid.com\/#website\"},\"datePublished\":\"2026-01-20T19:38:11+00:00\",\"dateModified\":\"2026-02-09T10:19:41+00:00\",\"breadcrumb\":{\"@id\":\"https:\/\/www.nolitamadrid.com\/cookies\/#breadcrumb\"},\"inLanguage\":\"en-US\",\"potentialAction\":[{\"@type\":\"ReadAction\",\"target\":[\"https:\/\/www.nolitamadrid.com\/cookies\/\"]}]},{\"@type\":\"BreadcrumbList\",\"@id\":\"https:\/\/www.nolitamadrid.com\/cookies\/#breadcrumb\",\"itemListElement\":[{\"@type\":\"ListItem\",\"position\":1,\"name\":\"Portada\",\"item\":\"https:\/\/www.nolitamadrid.com\/\"},{\"@type\":\"ListItem\",\"position\":2,\"name\":\"Cookies\"}]},{\"@type\":\"WebSite\",\"@id\":\"https:\/\/www.nolitamadrid.com\/#website\",\"url\":\"https:\/\/www.nolitamadrid.com\/\",\"name\":\"Nolita Madrid\",\"description\":\"Nolita Madrid Bites &amp; Wine es un rinc\u00f3n urbano donde los peque\u00f1os bocados se encuentran con grandes vinos, en un ambiente moderno y con alma neoyorquina.\",\"publisher\":{\"@id\":\"https:\/\/www.nolitamadrid.com\/#organization\"},\"alternateName\":\"bites & wines\",\"potentialAction\":[{\"@type\":\"SearchAction\",\"target\":{\"@type\":\"EntryPoint\",\"urlTemplate\":\"https:\/\/www.nolitamadrid.com\/?s={search_term_string}\"},\"query-input\":{\"@type\":\"PropertyValueSpecification\",\"valueRequired\":true,\"valueName\":\"search_term_string\"}}],\"inLanguage\":\"en-US\"},{\"@type\":\"Organization\",\"@id\":\"https:\/\/www.nolitamadrid.com\/#organization\",\"name\":\"Nolita Madrid\",\"url\":\"https:\/\/www.nolitamadrid.com\/\",\"logo\":{\"@type\":\"ImageObject\",\"inLanguage\":\"en-US\",\"@id\":\"https:\/\/www.nolitamadrid.com\/#\/schema\/logo\/image\/\",\"url\":\"https:\/\/www.nolitamadrid.com\/wp-content\/uploads\/2025\/11\/Vector-7.png\",\"contentUrl\":\"https:\/\/www.nolitamadrid.com\/wp-content\/uploads\/2025\/11\/Vector-7.png\",\"width\":67,\"height\":101,\"caption\":\"Nolita Madrid\"},\"image\":{\"@id\":\"https:\/\/www.nolitamadrid.com\/#\/schema\/logo\/image\/\"},\"sameAs\":[\"https:\/\/www.instagram.com\/nolitamadrid\/\"]}]}<\/script>\n<!-- \/ Yoast SEO plugin. -->","yoast_head_json":{"title":"Cookies - Nolita Madrid","robots":{"index":"noindex","follow":"nofollow"},"og_locale":"en_US","og_type":"article","og_title":"Cookies - Nolita Madrid","og_description":"El acceso a este Sitio Web puede implicar la utilizaci\u00f3n de cookies. Las cookies son peque\u00f1as cantidades de informaci\u00f3n que se almacenan en el navegador utilizado por cada Usuario \u2014en los distintos dispositivos que pueda utilizar para navegar\u2014 para que el servidor recuerde cierta informaci\u00f3n que posteriormente y \u00fanicamente el servidor que la implement\u00f3 leer\u00e1. [&hellip;]","og_url":"https:\/\/www.nolitamadrid.com\/en\/cookies\/","og_site_name":"Nolita Madrid","article_modified_time":"2026-02-09T10:19:41+00:00","og_image":[{"width":987,"height":286,"url":"https:\/\/www.nolitamadrid.com\/wp-content\/uploads\/2025\/11\/Group-3.png","type":"image\/png"}],"twitter_card":"summary_large_image","twitter_misc":{"Est. reading time":"4 minutes"},"schema":{"@context":"https:\/\/schema.org","@graph":[{"@type":"WebPage","@id":"https:\/\/www.nolitamadrid.com\/cookies\/","url":"https:\/\/www.nolitamadrid.com\/cookies\/","name":"Cookies - Nolita Madrid","isPartOf":{"@id":"https:\/\/www.nolitamadrid.com\/#website"},"datePublished":"2026-01-20T19:38:11+00:00","dateModified":"2026-02-09T10:19:41+00:00","breadcrumb":{"@id":"https:\/\/www.nolitamadrid.com\/cookies\/#breadcrumb"},"inLanguage":"en-US","potentialAction":[{"@type":"ReadAction","target":["https:\/\/www.nolitamadrid.com\/cookies\/"]}]},{"@type":"BreadcrumbList","@id":"https:\/\/www.nolitamadrid.com\/cookies\/#breadcrumb","itemListElement":[{"@type":"ListItem","position":1,"name":"Portada","item":"https:\/\/www.nolitamadrid.com\/"},{"@type":"ListItem","position":2,"name":"Cookies"}]},{"@type":"WebSite","@id":"https:\/\/www.nolitamadrid.com\/#website","url":"https:\/\/www.nolitamadrid.com\/","name":"Nolita Madrid","description":"Nolita Madrid Bites &amp; Wine es un rinc\u00f3n urbano donde los peque\u00f1os bocados se encuentran con grandes vinos, en un ambiente moderno y con alma neoyorquina.","publisher":{"@id":"https:\/\/www.nolitamadrid.com\/#organization"},"alternateName":"bites & wines","potentialAction":[{"@type":"SearchAction","target":{"@type":"EntryPoint","urlTemplate":"https:\/\/www.nolitamadrid.com\/?s={search_term_string}"},"query-input":{"@type":"PropertyValueSpecification","valueRequired":true,"valueName":"search_term_string"}}],"inLanguage":"en-US"},{"@type":"Organization","@id":"https:\/\/www.nolitamadrid.com\/#organization","name":"Nolita Madrid","url":"https:\/\/www.nolitamadrid.com\/","logo":{"@type":"ImageObject","inLanguage":"en-US","@id":"https:\/\/www.nolitamadrid.com\/#\/schema\/logo\/image\/","url":"https:\/\/www.nolitamadrid.com\/wp-content\/uploads\/2025\/11\/Vector-7.png","contentUrl":"https:\/\/www.nolitamadrid.com\/wp-content\/uploads\/2025\/11\/Vector-7.png","width":67,"height":101,"caption":"Nolita Madrid"},"image":{"@id":"https:\/\/www.nolitamadrid.com\/#\/schema\/logo\/image\/"},"sameAs":["https:\/\/www.instagram.com\/nolitamadrid\/"]}]}},"_links":{"self":[{"href":"https:\/\/www.nolitamadrid.com\/en\/wp-json\/wp\/v2\/pages\/381","targetHints":{"allow":["GET"]}}],"collection":[{"href":"https:\/\/www.nolitamadrid.com\/en\/wp-json\/wp\/v2\/pages"}],"about":[{"href":"https:\/\/www.nolitamadrid.com\/en\/wp-json\/wp\/v2\/types\/page"}],"author":[{"embeddable":true,"href":"https:\/\/www.nolitamadrid.com\/en\/wp-json\/wp\/v2\/users\/1"}],"replies":[{"embeddable":true,"href":"https:\/\/www.nolitamadrid.com\/en\/wp-json\/wp\/v2\/comments?post=381"}],"version-history":[{"count":10,"href":"https:\/\/www.nolitamadrid.com\/en\/wp-json\/wp\/v2\/pages\/381\/revisions"}],"predecessor-version":[{"id":403,"href":"https:\/\/www.nolitamadrid.com\/en\/wp-json\/wp\/v2\/pages\/381\/revisions\/403"}],"wp:attachment":[{"href":"https:\/\/www.nolitamadrid.com\/en\/wp-json\/wp\/v2\/media?parent=381"}],"curies":[{"name":"wp","href":"https:\/\/api.w.org\/{rel}","templated":true}]}}